{"id":19,"date":"2025-03-17T06:50:56","date_gmt":"2025-03-17T06:50:56","guid":{"rendered":"https:\/\/a2ztechnologies.co.uk\/demo\/medivox\/?page_id=19"},"modified":"2026-02-03T10:25:35","modified_gmt":"2026-02-03T10:25:35","slug":"privacy-and-security","status":"publish","type":"page","link":"https:\/\/medivox.ai\/en\/personvern-og-sikkerhet\/","title":{"rendered":"Privacy and security"},"content":{"rendered":"<div data-elementor-type=\"wp-page\" data-elementor-id=\"19\" class=\"elementor elementor-19\" data-elementor-post-type=\"page\">\n\t\t\t\t<div class=\"elementor-element elementor-element-c18ecca e-flex e-con-boxed wpr-particle-no wpr-jarallax-no wpr-parallax-no wpr-sticky-section-no wpr-column-slider-no wpr-equal-height-no e-con e-parent\" data-id=\"c18ecca\" data-element_type=\"container\" data-e-type=\"container\">\n\t\t\t\t\t<div class=\"e-con-inner\">\n\t\t<div class=\"elementor-element elementor-element-25e5748 e-con-full e-flex wpr-particle-no wpr-jarallax-no wpr-parallax-no wpr-sticky-section-no wpr-column-slider-no wpr-equal-height-no e-con e-child\" data-id=\"25e5748\" data-element_type=\"container\" data-e-type=\"container\">\n\t\t\t\t<div class=\"elementor-element elementor-element-12dd934 premium-header-inline premium-lq__none premium-box-lq__none elementor-widget elementor-widget-premium-addon-dual-header\" data-id=\"12dd934\" data-element_type=\"widget\" data-e-type=\"widget\" data-widget_type=\"premium-addon-dual-header.default\">\n\t\t\t\t\t\n\t\t<div class=\"elementor-widget-container\">\n\t\t<div class=\"premium-dual-header-wrapper\">\n\t\t\t\t\t<h2 class=\"premium-dual-header-first-header\"><span class=\"premium-dual-header-first-span\">Privacy policy <\/span><span class=\"premium-dual-header-second-header\"> and security<\/span><\/h2> \t\t\t\t\t\t<\/div>\n\t\t<\/div>\n\n\t\t\t\t\t\t<\/div>\n\t\t\t\t<div class=\"elementor-element elementor-element-afd87cf elementor-widget elementor-widget-text-editor\" data-id=\"afd87cf\" data-element_type=\"widget\" data-e-type=\"widget\" data-widget_type=\"text-editor.default\">\n\t\t\t\t<div class=\"elementor-widget-container\">\n\t\t\t\t\t\t\t\t\t<p>At Medivox, your data and privacy come first. We have developed our service with robust security measures to ensure that your information remains safe, secure and treated with the utmost care.<\/p>\t\t\t\t\t\t\t\t<\/div>\n\t\t\t\t<\/div>\n\t\t\t\t<\/div>\n\t\t\t\t<div class=\"elementor-element elementor-element-4c15cde elementor-widget elementor-widget-image\" data-id=\"4c15cde\" data-element_type=\"widget\" data-e-type=\"widget\" data-widget_type=\"image.default\">\n\t\t\t\t<div class=\"elementor-widget-container\">\n\t\t\t\t\t\t\t\t\t\t\t\t\t\t\t<img decoding=\"async\" src=\"https:\/\/medivox.ai\/wp-content\/uploads\/elementor\/thumbs\/DALL-E-2024-09-16-10.58.46-A-clean-and-modern-graphic-with-a-locked-padlock-symbol-in-the-center-representing-data-security-and-privacy.-The-padlock-has-a-sleek-minimalist-des-r383ciba4of5xlwfnzrkb2xkiy58zl8cwd1fe4gq2o.webp\" title=\"DALL-E-2024-09-16-10.58.46-A-clean-and-modern-graphic-with-a-locked-padlock-symbol-in-the-center-representing-data-security-and-privacy.-The-padlock-has-a-sleek-minimalist-des\" alt=\"padlock\" loading=\"lazy\" \/>\t\t\t\t\t\t\t\t\t\t\t\t\t\t\t<\/div>\n\t\t\t\t<\/div>\n\t\t\t\t\t<\/div>\n\t\t\t\t<\/div>\n\t\t<div class=\"elementor-element elementor-element-463dc1b e-flex e-con-boxed wpr-particle-no wpr-jarallax-no wpr-parallax-no wpr-sticky-section-no wpr-column-slider-no wpr-equal-height-no e-con e-parent\" data-id=\"463dc1b\" data-element_type=\"container\" data-e-type=\"container\">\n\t\t\t\t\t<div class=\"e-con-inner\">\n\t\t\t\t<div class=\"elementor-element elementor-element-5e8a4e2 elementor-widget elementor-widget-heading\" data-id=\"5e8a4e2\" data-element_type=\"widget\" data-e-type=\"widget\" data-widget_type=\"heading.default\">\n\t\t\t\t<div class=\"elementor-widget-container\">\n\t\t\t\t\t<h2 class=\"elementor-heading-title elementor-size-default\">Encrypted transmission\n<\/h2>\t\t\t\t<\/div>\n\t\t\t\t<\/div>\n\t\t\t\t<div class=\"elementor-element elementor-element-ea0ea42 elementor-widget elementor-widget-text-editor\" data-id=\"ea0ea42\" data-element_type=\"widget\" data-e-type=\"widget\" data-widget_type=\"text-editor.default\">\n\t\t\t\t<div class=\"elementor-widget-container\">\n\t\t\t\t\t\t\t\t\tAll data is transferred encrypted so that no unauthorized person can gain access. The information used to create the journal note is also pseudonymized before it is processed.\n\n\t\t\t\t\t\t\t\t<\/div>\n\t\t\t\t<\/div>\n\t\t\t\t<div class=\"elementor-element elementor-element-ce8d0a8 elementor-widget elementor-widget-heading\" data-id=\"ce8d0a8\" data-element_type=\"widget\" data-e-type=\"widget\" data-widget_type=\"heading.default\">\n\t\t\t\t<div class=\"elementor-widget-container\">\n\t\t\t\t\t<h2 class=\"elementor-heading-title elementor-size-default\">Transparency about data processing\n<\/h2>\t\t\t\t<\/div>\n\t\t\t\t<\/div>\n\t\t\t\t<div class=\"elementor-element elementor-element-8db71ac elementor-widget elementor-widget-text-editor\" data-id=\"8db71ac\" data-element_type=\"widget\" data-e-type=\"widget\" data-widget_type=\"text-editor.default\">\n\t\t\t\t<div class=\"elementor-widget-container\">\n\t\t\t\t\t\t\t\t\tWe pride ourselves on our open approach. You have full control over your data and can delete notes whenever you want. We don't use the data you process with us to train our models.\t\t\t\t\t\t\t\t<\/div>\n\t\t\t\t<\/div>\n\t\t\t\t<div class=\"elementor-element elementor-element-10ab50a elementor-widget elementor-widget-heading\" data-id=\"10ab50a\" data-element_type=\"widget\" data-e-type=\"widget\" data-widget_type=\"heading.default\">\n\t\t\t\t<div class=\"elementor-widget-container\">\n\t\t\t\t\t<h2 class=\"elementor-heading-title elementor-size-default\">No data sharing or selling\n<\/h2>\t\t\t\t<\/div>\n\t\t\t\t<\/div>\n\t\t\t\t<div class=\"elementor-element elementor-element-1009143 elementor-widget elementor-widget-text-editor\" data-id=\"1009143\" data-element_type=\"widget\" data-e-type=\"widget\" data-widget_type=\"text-editor.default\">\n\t\t\t\t<div class=\"elementor-widget-container\">\n\t\t\t\t\t\t\t\t\tYour data is never used for anything other than providing the service you request. When you are done using Medivox, you can rest assured that all information has been processed and deleted in a secure manner. Medivox does not sell user data.\t\t\t\t\t\t\t\t<\/div>\n\t\t\t\t<\/div>\n\t\t\t\t<div class=\"elementor-element elementor-element-95e390d elementor-widget elementor-widget-heading\" data-id=\"95e390d\" data-element_type=\"widget\" data-e-type=\"widget\" data-widget_type=\"heading.default\">\n\t\t\t\t<div class=\"elementor-widget-container\">\n\t\t\t\t\t<h2 class=\"elementor-heading-title elementor-size-default\">Commitment to security and privacy\n<\/h2>\t\t\t\t<\/div>\n\t\t\t\t<\/div>\n\t\t\t\t<div class=\"elementor-element elementor-element-c4b737e elementor-widget elementor-widget-text-editor\" data-id=\"c4b737e\" data-element_type=\"widget\" data-e-type=\"widget\" data-widget_type=\"text-editor.default\">\n\t\t\t\t<div class=\"elementor-widget-container\">\n\t\t\t\t\t\t\t\t\tSecurity is one of our highest priorities. We use advanced encryption protocols and pseudonymization techniques. Together with our legal and technology experts, we continuously work to improve our security practices and ensure that they follow the strictest standards.\n\t\t\t\t\t\t\t\t<\/div>\n\t\t\t\t<\/div>\n\t\t\t\t<div class=\"elementor-element elementor-element-b262100 elementor-widget elementor-widget-heading\" data-id=\"b262100\" data-element_type=\"widget\" data-e-type=\"widget\" data-widget_type=\"heading.default\">\n\t\t\t\t<div class=\"elementor-widget-container\">\n\t\t\t\t\t<h2 class=\"elementor-heading-title elementor-size-default\">Compliance with legal requirements\n<\/h2>\t\t\t\t<\/div>\n\t\t\t\t<\/div>\n\t\t\t\t<div class=\"elementor-element elementor-element-49f0738 elementor-widget elementor-widget-text-editor\" data-id=\"49f0738\" data-element_type=\"widget\" data-e-type=\"widget\" data-widget_type=\"text-editor.default\">\n\t\t\t\t<div class=\"elementor-widget-container\">\n\t\t\t\t\t\t\t\t\tWe collaborate with lawyer Jan Sandtr\u00f8 to ensure that we comply with all relevant laws and regulations, including GDPR. Jan has helped Medivox AS with privacy impact analysis, drafting of terms of use and data processing agreement. This is done so that you can feel confident that we follow applicable laws and regulations when you use Medivox.\t\t\t\t\t\t\t\t<\/div>\n\t\t\t\t<\/div>\n\t\t\t\t\t<\/div>\n\t\t\t\t<\/div>\n\t\t\t\t<\/div>","protected":false},"excerpt":{"rendered":"<p>Personvern og sikkerhet Hos Medivox kommer dine data og ditt personvern f\u00f8rst. Vi har utviklet tjenesten v\u00e5r med robuste sikkerhetstiltak for \u00e5 sikre at informasjonen din forblir trygg, sikker og behandlet med st\u00f8rste omhu. Kryptert overf\u00f8ring All data overf\u00f8res kryptert, slik at ingen uvedkommende kan f\u00e5 tilgang. Informasjonen som brukes for \u00e5 lage journalnotatet, er ogs\u00e5 pseudonymisert f\u00f8r den prosesseres. \u00c5penhet om databehandling Vi er stolte av v\u00e5r \u00e5pne tiln\u00e6rming. Du har full kontroll over dine data og kan slette notater n\u00e5r du \u00f8nsker. Vi bruker ikke dataene du prosesserer hos oss til \u00e5 trene v\u00e5re modeller. Ingen datadeling eller salg Dine data blir aldri brukt til annet enn \u00e5 tilby den tjenesten du ettersp\u00f8r. N\u00e5r du er ferdig med \u00e5 bruke Medivox, kan du v\u00e6re trygg p\u00e5 at all informasjon er behandlet og slettet p\u00e5 en sikker m\u00e5te. Medivox selger ikke brukerdata. Forpliktelse til sikkerhet og personvern Sikkerhet er en av v\u00e5re aller h\u00f8yeste prioriteringer. Vi benytter avanserte krypteringsprotokoller og pseudonymiseringsteknikker. Sammen med v\u00e5re juridiske og teknologiske eksperter arbeider vi kontinuerlig for \u00e5 forbedre v\u00e5re sikkerhetsrutiner og sikre at de f\u00f8lger de strengeste standardene. Overholdelse av juridiske krav Vi samarbeider med advokat Jan Sandtr\u00f8 for \u00e5 sikre at vi overholder alle relevante lover og forskrifter, inkludert GDPR. Jan har hjulpet Medivox AS med analyser av personvernkonsekvenser, utforming av brukervilk\u00e5r og databehandleravtale. Dette er gjort slik at du kan f\u00f8le deg trygg p\u00e5 at vi f\u00f8lger gjeldende lover og regler n\u00e5r du bruker Medivox.<\/p>","protected":false},"author":1,"featured_media":0,"parent":0,"menu_order":0,"comment_status":"closed","ping_status":"closed","template":"elementor_header_footer","meta":{"inline_featured_image":false,"footnotes":""},"class_list":["post-19","page","type-page","status-publish","hentry"],"_links":{"self":[{"href":"https:\/\/medivox.ai\/en\/wp-json\/wp\/v2\/pages\/19","targetHints":{"allow":["GET"]}}],"collection":[{"href":"https:\/\/medivox.ai\/en\/wp-json\/wp\/v2\/pages"}],"about":[{"href":"https:\/\/medivox.ai\/en\/wp-json\/wp\/v2\/types\/page"}],"author":[{"embeddable":true,"href":"https:\/\/medivox.ai\/en\/wp-json\/wp\/v2\/users\/1"}],"replies":[{"embeddable":true,"href":"https:\/\/medivox.ai\/en\/wp-json\/wp\/v2\/comments?post=19"}],"version-history":[{"count":14,"href":"https:\/\/medivox.ai\/en\/wp-json\/wp\/v2\/pages\/19\/revisions"}],"predecessor-version":[{"id":4555,"href":"https:\/\/medivox.ai\/en\/wp-json\/wp\/v2\/pages\/19\/revisions\/4555"}],"wp:attachment":[{"href":"https:\/\/medivox.ai\/en\/wp-json\/wp\/v2\/media?parent=19"}],"curies":[{"name":"wp","href":"https:\/\/api.w.org\/{rel}","templated":true}]}}